{"id":5,"date":"2011-02-22T22:00:19","date_gmt":"2011-02-22T22:00:19","guid":{"rendered":"http:\/\/web.bogy.info\/?page_id=5"},"modified":"2013-03-24T18:15:39","modified_gmt":"2013-03-24T17:15:39","slug":"couture","status":"publish","type":"page","link":"http:\/\/www.bycoconuts.fr\/?page_id=5","title":{"rendered":"Couture"},"content":{"rendered":"<p><span style=\"font-size: large;\">Liste des tutos de Couture<br \/>\n<\/span><\/p>\n<p>\u25ca sur ce blog<\/p>\n<ul>\n<li><a href=\"http:\/\/www.bycoconuts.fr\/?p=1364\">Ajouter une doublure \u00e0 une veste<\/a><\/li>\n<li><a href=\"http:\/\/www.bycoconuts.fr\/?p=366\">Tour de cou &#8220;sexy&#8221;<\/a><\/li>\n<\/ul>\n<p>\u25ca sur l&#8217;ancien blog<\/p>\n<ul>\n<li><a href=\"http:\/\/bycoconuts.canalblog.com\/archives\/2011\/01\/31\/20256254.html\" target=\"_top\">Jupe boule \u00e0 plis plats<\/a><\/li>\n<li><a href=\"http:\/\/bycoconuts.canalblog.com\/archives\/2010\/11\/26\/19706544.html\">L&#8217;\u00e9charpe qui n&#8217;\u00e9tait pas une \u00e9charpe<\/a><\/li>\n<li><a href=\"http:\/\/bycoconuts.canalblog.com\/archives\/2010\/01\/17\/16559844.html\">Snood adulte et enfant<\/a><\/li>\n<li><a href=\"http:\/\/bycoconuts.canalblog.com\/archives\/2009\/12\/30\/16332905.html\">Bag of Scrap<\/a><\/li>\n<\/ul>\n<p style=\"text-align: center;\">__________________________________________________________________<\/p>\n<p style=\"text-align: justify;\"><span style=\"background-color: #c0c0c0;\"><strong><span style=\"font-size: 8pt;\"><span style=\"background-color: #ffffff;\">A noter : En cliquant sur le titre des diff\u00e9rents tutos ci-dessous, vous serez redirig\u00e9s directement sur l&#8217;article concern\u00e9. <\/span><\/span><\/strong><br \/>\n<\/span><\/p>\n<!-- PHP 5.x -->","protected":false},"excerpt":{"rendered":"<p>Liste des tutos de Couture <\/p>\n<p>\u25ca sur ce blog<\/p>\n<p> Ajouter une doublure \u00e0 une veste Tour de cou &#8220;sexy&#8221; <\/p>\n<p>\u25ca sur l&#8217;ancien blog<\/p>\n<p> Jupe boule \u00e0 plis plats L&#8217;\u00e9charpe qui n&#8217;\u00e9tait pas une \u00e9charpe Snood adulte et enfant Bag of Scrap <\/p>\n<p style=\"text-align: center;\">__________________________________________________________________<\/p>\n<p style=\"text-align: justify;\">A noter : En cliquant sur le titre [&#8230;]<\/p>\n","protected":false},"author":1,"featured_media":0,"parent":0,"menu_order":0,"comment_status":"open","ping_status":"open","template":"","meta":{"_s2mail":"no","footnotes":""},"class_list":["post-5","page","type-page","status-publish","hentry","odd"],"_links":{"self":[{"href":"http:\/\/www.bycoconuts.fr\/index.php?rest_route=\/wp\/v2\/pages\/5","targetHints":{"allow":["GET"]}}],"collection":[{"href":"http:\/\/www.bycoconuts.fr\/index.php?rest_route=\/wp\/v2\/pages"}],"about":[{"href":"http:\/\/www.bycoconuts.fr\/index.php?rest_route=\/wp\/v2\/types\/page"}],"author":[{"embeddable":true,"href":"http:\/\/www.bycoconuts.fr\/index.php?rest_route=\/wp\/v2\/users\/1"}],"replies":[{"embeddable":true,"href":"http:\/\/www.bycoconuts.fr\/index.php?rest_route=%2Fwp%2Fv2%2Fcomments&post=5"}],"version-history":[{"count":18,"href":"http:\/\/www.bycoconuts.fr\/index.php?rest_route=\/wp\/v2\/pages\/5\/revisions"}],"predecessor-version":[{"id":10,"href":"http:\/\/www.bycoconuts.fr\/index.php?rest_route=\/wp\/v2\/pages\/5\/revisions\/10"}],"wp:attachment":[{"href":"http:\/\/www.bycoconuts.fr\/index.php?rest_route=%2Fwp%2Fv2%2Fmedia&parent=5"}],"curies":[{"name":"wp","href":"https:\/\/api.w.org\/{rel}","templated":true}]}}